{"id":711,"date":"2025-11-01T10:54:11","date_gmt":"2025-11-01T10:54:11","guid":{"rendered":"https:\/\/psy-metz-dollinger.fr\/?page_id=711"},"modified":"2025-11-01T11:08:46","modified_gmt":"2025-11-01T11:08:46","slug":"elementor-page-711","status":"publish","type":"page","link":"https:\/\/psy-metz-dollinger.fr\/?page_id=711","title":{"rendered":"Parcours professionnel"},"content":{"rendered":"\t\t<div data-elementor-type=\"wp-page\" data-elementor-id=\"711\" class=\"elementor elementor-711\">\n\t\t\t\t<div class=\"elementor-element elementor-element-5429ac9 e-flex e-con-boxed e-con e-parent\" data-id=\"5429ac9\" data-element_type=\"container\">\n\t\t\t\t\t<div class=\"e-con-inner\">\n\t\t\t\t<div class=\"elementor-element elementor-element-d78fda5 elementor-widget elementor-widget-heading\" data-id=\"d78fda5\" data-element_type=\"widget\" data-widget_type=\"heading.default\">\n\t\t\t\t\t<h1 class=\"elementor-heading-title elementor-size-default\">Mon parcours professionnel <\/h1>\t\t\t\t<\/div>\n\t\t\t\t<div class=\"elementor-element elementor-element-ca956bc elementor-widget elementor-widget-text-editor\" data-id=\"ca956bc\" data-element_type=\"widget\" data-widget_type=\"text-editor.default\">\n\t\t\t\t\t\t\t\t\t<p>Je d\u00e9bute en 2018 au sein de l\u2019Education Nationale par un poste de psychologue d\u2019\u00e9ducation, de d\u00e9veloppement et de conseil en orientation scolaire et professionnelle (PsyEN EDO) au <strong>CIO<\/strong> de Bar Le-Duc.<\/p><p>Apr\u00e8s cette premi\u00e8re exp\u00e9rience, je me r\u00e9oriente vers une recherche d\u2019un poste plus clinique.<\/p><p>Je commence en 2019 un poste de psychologue \u00e0 temps-temps en Institution d\u2019Education Motrice<br \/>(I.E.M) aupr\u00e8s d\u2019enfants et d\u2019adolescent atteint de handicap cognitif et moteur. J\u2019accompagne les<br \/>enfants, les \u00e9quipes et les familles sur divers aspect de la prise en charge institutionnelle.<\/p><p>Par la suite je compl\u00e8te ce poste avec un autre mi-temps au sein du Bureau d\u2019Accueil Psychologique<br \/>des Etudiants, le Bap\u00e9, situ\u00e9 sur l\u2019\u00cele du Saulcy \u00e0 Metz. Un service d\u2019accompagnement<br \/>psychologique gratuit \u00e0 destination de n\u2019importe quel \u00e9tudiant et \u00e9tudiantes de l\u2019Universit\u00e9 de<br \/>Lorraine.<\/p><p>Puis mon poste prend fin sur le poste \u00e0 l\u2019IME et bient\u00f4t le poste du Bap\u00e9 prendra fin \u00e9galement,<br \/>j\u2019int\u00e8gre alors l\u2019Equipe Mobile d\u2019Intervention et d\u2019Accompagnement (E.M.I.A). C\u2019est un service<br \/>pluridisciplinaire qui intervient aupr\u00e8s d\u2019aidants (parents, enseignants, \u00e9ducateurs, \u2026) de personne en<br \/>situation de handicap cognitif pr\u00e9sentant des comportements-d\u00e9fis sur l\u2019ensemble du territoire<br \/>mosellans. Une majeure partie du publique accompagn\u00e9es sont des personnes : enfants, adolescent ou<br \/>adulte pr\u00e9sentant un fonctionnement autistique (TSA) et\/ou un trouble d\u00e9ficitaire de l\u2019attention<br \/>avec\/sans hyperactivit\u00e9 (TDA\/H).<\/p><p>Par la suite je compl\u00e8te ce nouveau mi-temps d\u2019un poste de psychologue au sein d\u2019un secteur in\u00e9dit<br \/>pour moi, celui de la protection de l\u2019enfance. J\u2019occupe actuellement un poste au sein d\u2019un service<br \/>nomm\u00e9 la MAF sur le territoire de Thionville, c\u2019est la Maison de l\u2019Accueil Familiale o\u00f9 nous<br \/>accompagnons avec une \u00e9quipe \u00e9ducative, les Assistants Familiaux (famille d\u2019accueil) avec les enfants<br \/>plac\u00e9es chez eux. Nous accompagnons \u00e9galement le lien entre les AssFam, les enfants plac\u00e9es et leurs<br \/>parents.<\/p><p>En parall\u00e8le, depuis 2022, j\u2019effectue des interventions pour l\u2019IRTS de Lorraine autour de l\u2019approche<br \/>syst\u00e9mique et de l\u2019accompagnement du handicap.<\/p><p>Depuis 2024, je r\u00e9alise des th\u00e9rapies de couple et familiale pour le CIRFamille, un centre de formation<br \/>et de th\u00e9rapie familiale \u00e0 Nancy.<br \/>J\u2019ai ouvert mon cabinet en lib\u00e9ral en Mars 2025 sur une demi-journ\u00e9e par semaine afin d\u2019accompagner<br \/>toutes personnes le souhaitant autour de probl\u00e9matiques diverses.<\/p>\t\t\t\t\t\t\t\t<\/div>\n\t\t\t\t\t<\/div>\n\t\t\t\t<\/div>\n\t\t<div class=\"elementor-element elementor-element-b6541ad e-flex e-con-boxed e-con e-parent\" data-id=\"b6541ad\" data-element_type=\"container\">\n\t\t\t\t\t<div class=\"e-con-inner\">\n\t\t\t\t\t<\/div>\n\t\t\t\t<\/div>\n\t\t\t\t<\/div>\n\t\t","protected":false},"excerpt":{"rendered":"<p>Mon parcours professionnel Je d\u00e9bute en 2018 au sein de l\u2019Education Nationale par un poste de psychologue d\u2019\u00e9ducation, de d\u00e9veloppement et de conseil en orientation scolaire et professionnelle (PsyEN EDO) au CIO de Bar Le-Duc. Apr\u00e8s cette premi\u00e8re exp\u00e9rience, je me r\u00e9oriente vers une recherche d\u2019un poste plus clinique. Je commence en 2019 un poste [&hellip;]<\/p>\n","protected":false},"author":1,"featured_media":0,"parent":0,"menu_order":0,"comment_status":"closed","ping_status":"closed","template":"","meta":{"ocean_post_layout":"","ocean_both_sidebars_style":"","ocean_both_sidebars_content_width":0,"ocean_both_sidebars_sidebars_width":0,"ocean_sidebar":"","ocean_second_sidebar":"","ocean_disable_margins":"enable","ocean_add_body_class":"","ocean_shortcode_before_top_bar":"","ocean_shortcode_after_top_bar":"","ocean_shortcode_before_header":"","ocean_shortcode_after_header":"","ocean_has_shortcode":"","ocean_shortcode_after_title":"","ocean_shortcode_before_footer_widgets":"","ocean_shortcode_after_footer_widgets":"","ocean_shortcode_before_footer_bottom":"","ocean_shortcode_after_footer_bottom":"","ocean_display_top_bar":"default","ocean_display_header":"default","ocean_header_style":"","ocean_center_header_left_menu":"","ocean_custom_header_template":"","ocean_custom_logo":0,"ocean_custom_retina_logo":0,"ocean_custom_logo_max_width":0,"ocean_custom_logo_tablet_max_width":0,"ocean_custom_logo_mobile_max_width":0,"ocean_custom_logo_max_height":0,"ocean_custom_logo_tablet_max_height":0,"ocean_custom_logo_mobile_max_height":0,"ocean_header_custom_menu":"","ocean_menu_typo_font_family":"","ocean_menu_typo_font_subset":"","ocean_menu_typo_font_size":0,"ocean_menu_typo_font_size_tablet":0,"ocean_menu_typo_font_size_mobile":0,"ocean_menu_typo_font_size_unit":"px","ocean_menu_typo_font_weight":"","ocean_menu_typo_font_weight_tablet":"","ocean_menu_typo_font_weight_mobile":"","ocean_menu_typo_transform":"","ocean_menu_typo_transform_tablet":"","ocean_menu_typo_transform_mobile":"","ocean_menu_typo_line_height":0,"ocean_menu_typo_line_height_tablet":0,"ocean_menu_typo_line_height_mobile":0,"ocean_menu_typo_line_height_unit":"","ocean_menu_typo_spacing":0,"ocean_menu_typo_spacing_tablet":0,"ocean_menu_typo_spacing_mobile":0,"ocean_menu_typo_spacing_unit":"","ocean_menu_link_color":"","ocean_menu_link_color_hover":"","ocean_menu_link_color_active":"","ocean_menu_link_background":"","ocean_menu_link_hover_background":"","ocean_menu_link_active_background":"","ocean_menu_social_links_bg":"","ocean_menu_social_hover_links_bg":"","ocean_menu_social_links_color":"","ocean_menu_social_hover_links_color":"","ocean_disable_title":"default","ocean_disable_heading":"default","ocean_post_title":"","ocean_post_subheading":"","ocean_post_title_style":"","ocean_post_title_background_color":"","ocean_post_title_background":0,"ocean_post_title_bg_image_position":"","ocean_post_title_bg_image_attachment":"","ocean_post_title_bg_image_repeat":"","ocean_post_title_bg_image_size":"","ocean_post_title_height":0,"ocean_post_title_bg_overlay":0.5,"ocean_post_title_bg_overlay_color":"","ocean_disable_breadcrumbs":"default","ocean_breadcrumbs_color":"","ocean_breadcrumbs_separator_color":"","ocean_breadcrumbs_links_color":"","ocean_breadcrumbs_links_hover_color":"","ocean_display_footer_widgets":"default","ocean_display_footer_bottom":"default","ocean_custom_footer_template":"","footnotes":""},"class_list":["post-711","page","type-page","status-publish","hentry","entry"],"_links":{"self":[{"href":"https:\/\/psy-metz-dollinger.fr\/index.php?rest_route=\/wp\/v2\/pages\/711","targetHints":{"allow":["GET"]}}],"collection":[{"href":"https:\/\/psy-metz-dollinger.fr\/index.php?rest_route=\/wp\/v2\/pages"}],"about":[{"href":"https:\/\/psy-metz-dollinger.fr\/index.php?rest_route=\/wp\/v2\/types\/page"}],"author":[{"embeddable":true,"href":"https:\/\/psy-metz-dollinger.fr\/index.php?rest_route=\/wp\/v2\/users\/1"}],"replies":[{"embeddable":true,"href":"https:\/\/psy-metz-dollinger.fr\/index.php?rest_route=%2Fwp%2Fv2%2Fcomments&post=711"}],"version-history":[{"count":12,"href":"https:\/\/psy-metz-dollinger.fr\/index.php?rest_route=\/wp\/v2\/pages\/711\/revisions"}],"predecessor-version":[{"id":734,"href":"https:\/\/psy-metz-dollinger.fr\/index.php?rest_route=\/wp\/v2\/pages\/711\/revisions\/734"}],"wp:attachment":[{"href":"https:\/\/psy-metz-dollinger.fr\/index.php?rest_route=%2Fwp%2Fv2%2Fmedia&parent=711"}],"curies":[{"name":"wp","href":"https:\/\/api.w.org\/{rel}","templated":true}]}}